{"id":219869,"date":"2024-05-21T14:50:47","date_gmt":"2024-05-21T14:50:47","guid":{"rendered":"https:\/\/mamorabay.ma\/restaurant\/"},"modified":"2024-06-11T11:41:29","modified_gmt":"2024-06-11T11:41:29","slug":"restaurante","status":"publish","type":"page","link":"https:\/\/mamorabay.ma\/es\/restaurante\/","title":{"rendered":"Restaurante"},"content":{"rendered":"<p>[et_pb_section fb_built=\u00bb1&#8243; make_equal=\u00bbon\u00bb specialty=\u00bbon\u00bb custom_padding_last_edited=\u00bbon|phone\u00bb background_position_2=\u00bbcenter\u00bb use_background_color_gradient_2=\u00bboff\u00bb background_color_gradient_stops_2=\u00bb#000000 0%|rgba(0,0,0,0) 65%\u00bb background_color_gradient_start_2=\u00bb#000000&#8243; background_color_gradient_end_2=\u00bbrgba(0,0,0,0)\u00bb background_color_gradient_start_position_2=\u00bb0%\u00bb background_color_gradient_end_position_2=\u00bb65%\u00bb background_color_gradient_overlays_image_2=\u00bbon\u00bb padding_top_2=\u00bb0px\u00bb padding_bottom_1=\u00bb20vw\u00bb admin_label=\u00bbHeader\u00bb _builder_version=\u00bb4.25.1&#8243; use_background_color_gradient=\u00bbon\u00bb background_color_gradient_stops=\u00bb#ffffff 20%|rgba(255,255,255,0) 100%\u00bb background_color_gradient_overlays_image=\u00bbon\u00bb background_color_gradient_start=\u00bb#ffffff\u00bb background_color_gradient_start_position=\u00bb20%\u00bb background_color_gradient_end=\u00bbrgba(255,255,255,0)\u00bb background_image=\u00bbhttps:\/\/mamorabay.ma\/wp-content\/uploads\/2024\/05\/6S2A5490-scaled.jpg\u00bb width=\u00bb100%\u00bb inner_width=\u00bb100%\u00bb inner_max_width=\u00bb100%\u00bb custom_margin=\u00bb13vw|||||\u00bb custom_margin_tablet=\u00bb0vw||\u00bb custom_margin_phone=\u00bb\u00bb custom_margin_last_edited=\u00bbon|desktop\u00bb custom_padding=\u00bb0|0|0|25vw|false|false\u00bb custom_padding_tablet=\u00bb80px|10vw||10vw||true\u00bb custom_padding_phone=\u00bb|||||false\u00bb hover_enabled=\u00bb0&#8243; use_custom_width=\u00bbon\u00bb width_unit=\u00bboff\u00bb custom_width_percent=\u00bb100%\u00bb locked=\u00bboff\u00bb global_colors_info=\u00bb{}\u00bb title_text=\u00bb6S2A5490&#8243; sticky_enabled=\u00bb0&#8243;][et_pb_column type=\u00bb2_3&#8243; specialty_columns=\u00bb2&#8243; _builder_version=\u00bb4.16&#8243; custom_padding=\u00bb|||\u00bb global_colors_info=\u00bb{}\u00bb parallax__hover=\u00bboff\u00bb parallax_method__hover=\u00bbon\u00bb custom_padding__hover=\u00bb|||\u00bb][et_pb_row_inner custom_padding_last_edited=\u00bbon|tablet\u00bb _builder_version=\u00bb4.16&#8243; custom_padding=\u00bb0|30px||30px|false|true\u00bb custom_padding_tablet=\u00bb|0px||0px||true\u00bb custom_padding_phone=\u00bb\u00bb global_colors_info=\u00bb{}\u00bb][et_pb_column_inner saved_specialty_column_type=\u00bb2_3&#8243; _builder_version=\u00bb4.16&#8243; custom_padding=\u00bb|||\u00bb global_colors_info=\u00bb{}\u00bb parallax__hover=\u00bboff\u00bb parallax_method__hover=\u00bbon\u00bb custom_padding__hover=\u00bb|||\u00bb][et_pb_text _builder_version=\u00bb4.25.1&#8243; text_font=\u00bb||||||||\u00bb text_line_height=\u00bb2em\u00bb header_font=\u00bbGilda Display||||||||\u00bb header_text_color=\u00bb#000000&#8243; header_font_size=\u00bb6vw\u00bb header_line_height=\u00bb1.3em\u00bb header_2_font=\u00bb|700||on|||||\u00bb header_2_font_size=\u00bb16px\u00bb header_2_letter_spacing=\u00bb6px\u00bb header_2_line_height=\u00bb2em\u00bb header_3_font=\u00bb||||||||\u00bb text_orientation=\u00bbcenter\u00bb custom_margin=\u00bb-7.5vw||||false\u00bb custom_margin_tablet=\u00bb0vw||20px\u00bb custom_margin_phone=\u00bb\u00bb custom_margin_last_edited=\u00bbon|desktop\u00bb header_font_size_tablet=\u00bb10vw\u00bb header_font_size_phone=\u00bb\u00bb header_font_size_last_edited=\u00bbon|phone\u00bb header_2_font_size_tablet=\u00bb\u00bb header_2_font_size_phone=\u00bb12px\u00bb header_2_font_size_last_edited=\u00bbon|phone\u00bb header_text_shadow_style=\u00bbpreset3&#8243; header_text_shadow_vertical_length=\u00bb0.03em\u00bb header_text_shadow_color=\u00bb#ffffff\u00bb locked=\u00bboff\u00bb global_colors_info=\u00bb{}\u00bb header_3_font_size__hover=\u00bb22px\u00bb header_3_font_size__hover_enabled=\u00bb22px\u00bb header_3_letter_spacing__hover=\u00bb0px\u00bb header_3_letter_spacing__hover_enabled=\u00bb0px\u00bb header_3_line_height__hover=\u00bb1em\u00bb header_3_line_height__hover_enabled=\u00bb1em\u00bb header_3_text_shadow_style__hover=\u00bbnone\u00bb header_3_text_shadow_style__hover_enabled=\u00bbnone\u00bb header_3_text_shadow_color__hover=\u00bbrgba(0,0,0,0.4)\u00bb header_3_text_shadow_color__hover_enabled=\u00bbrgba(0,0,0,0.4)\u00bb]<\/p>\n<h2>\u00a0<\/h2>\n<h1>MAMORA BAY Restaurante<\/h1>\n<p>[\/et_pb_text][\/et_pb_column_inner][\/et_pb_row_inner][\/et_pb_column][et_pb_column type=\u00bb1_3&#8243; _builder_version=\u00bb4.16&#8243; custom_padding=\u00bb|||\u00bb global_colors_info=\u00bb{}\u00bb padding_top__hover=\u00bb0px\u00bb bg_img__hover=\u00bbhttps:\/\/mamorabay.ma\/wp-content\/uploads\/2019\/03\/spa_hotel_02.jpg\u00bb parallax__hover=\u00bboff\u00bb parallax_method__hover=\u00bbon\u00bb custom_padding__hover=\u00bb|||\u00bb][\/et_pb_column][\/et_pb_section][et_pb_section fb_built=\u00bb1&#8243; admin_label=\u00bbMenu\u00bb _builder_version=\u00bb4.16&#8243; custom_padding=\u00bb0|0px|54px|0px|false|false\u00bb global_colors_info=\u00bb{}\u00bb][et_pb_row custom_padding_last_edited=\u00bbon|tablet\u00bb padding_left_right_link_4=\u00bbfalse\u00bb _builder_version=\u00bb4.16&#8243; background_color=\u00bb#ffffff\u00bb custom_margin=\u00bb||\u00bb custom_margin_tablet=\u00bb|||\u00bb custom_margin_last_edited=\u00bboff|desktop\u00bb custom_padding=\u00bb80px|40px|80px|40px|true|true\u00bb custom_padding_tablet=\u00bb||\u00bb custom_padding_phone=\u00bb\u00bb box_shadow_style=\u00bbpreset3&#8243; box_shadow_blur=\u00bb100px\u00bb box_shadow_spread=\u00bb-16px\u00bb box_shadow_color=\u00bbrgba(0,0,0,0.14)\u00bb locked=\u00bboff\u00bb global_colors_info=\u00bb{}\u00bb][et_pb_column type=\u00bb4_4&#8243; _builder_version=\u00bb4.16&#8243; custom_padding=\u00bb|||\u00bb global_colors_info=\u00bb{}\u00bb custom_padding__hover=\u00bb|||\u00bb][et_pb_text _builder_version=\u00bb4.25.1&#8243; text_font=\u00bbOpen Sans||||||||\u00bb text_line_height=\u00bb2em\u00bb header_font=\u00bb||||||||\u00bb header_2_font=\u00bbGilda Display||||||||\u00bb header_2_font_size=\u00bb60px\u00bb header_2_line_height=\u00bb1.2em\u00bb text_orientation=\u00bbcenter\u00bb header_2_font_size_tablet=\u00bb40px\u00bb header_2_font_size_phone=\u00bb30px\u00bb header_2_font_size_last_edited=\u00bbon|phone\u00bb locked=\u00bboff\u00bb global_colors_info=\u00bb{}\u00bb]<\/p>\n<h2>Men\u00fa tradicional<\/h2>\n<p>[\/et_pb_text][et_pb_text _builder_version=\u00bb4.25.1&#8243; text_font=\u00bbOpen Sans||||||||\u00bb text_font_size=\u00bb16px\u00bb text_line_height=\u00bb2em\u00bb header_font=\u00bb||||||||\u00bb header_2_font=\u00bbGilda Display||||||||\u00bb header_2_font_size=\u00bb60px\u00bb header_2_line_height=\u00bb1.2em\u00bb text_orientation=\u00bbcenter\u00bb max_width=\u00bb800px\u00bb module_alignment=\u00bbcenter\u00bb header_2_font_size_tablet=\u00bb40px\u00bb header_2_font_size_phone=\u00bb30px\u00bb header_2_font_size_last_edited=\u00bbon|phone\u00bb locked=\u00bboff\u00bb global_colors_info=\u00bb{}\u00bb]<\/p>\n<p>Tajine Carne<br \/><strong>140 DHS<\/strong><\/p>\n<p>Tajine Carne picada<br \/><strong>100 DHS<\/strong><\/p>\n<p>Tajine pollo<br \/><strong>120 DHS<\/strong><\/p>\n<p>Tajine de veneno<\/p>\n<p><strong>150 DHS<\/strong><\/p>\n<p>Tajine pastilla\u00a0<br \/><strong>120 DHS<\/strong><\/p>\n<p>Couscous pollo<br \/><strong>110 DHS<\/strong><\/p>\n<p>Couscous 2 personas<br \/><strong>200 DHS<\/strong><\/p>\n<p>Couscous Carne<br \/><strong>130 DHS<\/strong><\/p>\n<p>[\/et_pb_text][\/et_pb_column][\/et_pb_row][\/et_pb_section][et_pb_section fb_built=\u00bb1&#8243; admin_label=\u00bbRestaurant\u00bb _builder_version=\u00bb4.25.1&#8243; use_background_color_gradient=\u00bbon\u00bb background_color_gradient_stops=\u00bbrgba(0,0,0,0.4) 0%|rgba(0,0,0,0.65) 80%\u00bb background_color_gradient_overlays_image=\u00bbon\u00bb background_color_gradient_start=\u00bbrgba(0,0,0,0)\u00bb background_color_gradient_end=\u00bbrgba(0,0,0,0.65)\u00bb background_color_gradient_end_position=\u00bb80%\u00bb background_image=\u00bbhttps:\/\/mamorabay.ma\/wp-content\/uploads\/2024\/05\/6S2A2155-scaled.jpg\u00bb custom_padding=\u00bb8vw|0px|10vw|0px|false|false\u00bb locked=\u00bboff\u00bb global_colors_info=\u00bb{}\u00bb background_color_gradient_start__hover=\u00bb#2b87da\u00bb background_color_gradient_start__hover_enabled=\u00bb#2b87da\u00bb background_color_gradient_end__hover=\u00bb#29c4a9&#8243; background_color_gradient_end__hover_enabled=\u00bb#29c4a9&#8243; use_background_color_gradient__hover=\u00bboff\u00bb use_background_color_gradient__hover_enabled=\u00bboff\u00bb background_color_gradient_type__hover=\u00bblinear\u00bb background_color_gradient_type__hover_enabled=\u00bblinear\u00bb background_color_gradient_direction__hover=\u00bb180deg\u00bb background_color_gradient_direction__hover_enabled=\u00bb180deg\u00bb background_color_gradient_direction_radial__hover=\u00bbcenter\u00bb background_color_gradient_direction_radial__hover_enabled=\u00bbcenter\u00bb background_color_gradient_start_position__hover=\u00bb0%\u00bb background_color_gradient_start_position__hover_enabled=\u00bb0%\u00bb background_color_gradient_end_position__hover=\u00bb100%\u00bb background_color_gradient_end_position__hover_enabled=\u00bb100%\u00bb background_color_gradient_overlays_image__hover=\u00bboff\u00bb background_color_gradient_overlays_image__hover_enabled=\u00bboff\u00bb background_color_gradient_stops__hover=\u00bb#2b87da 0%|#29c4a9 100%\u00bb][et_pb_row _builder_version=\u00bb4.16&#8243; global_colors_info=\u00bb{}\u00bb][et_pb_column type=\u00bb4_4&#8243; _builder_version=\u00bb4.16&#8243; custom_padding=\u00bb|||\u00bb global_colors_info=\u00bb{}\u00bb custom_padding__hover=\u00bb|||\u00bb][et_pb_text _builder_version=\u00bb4.25.1&#8243; text_font=\u00bb||||||||\u00bb text_font_size=\u00bb16px\u00bb text_line_height=\u00bb2em\u00bb header_font=\u00bb||||||||\u00bb header_font_size=\u00bb26px\u00bb header_2_font=\u00bbGilda Display||||||||\u00bb header_2_font_size=\u00bb79px\u00bb header_2_line_height=\u00bb1.3em\u00bb header_3_font=\u00bb|700||on|||||\u00bb header_3_font_size=\u00bb16px\u00bb header_3_letter_spacing=\u00bb6px\u00bb header_3_line_height=\u00bb1.6em\u00bb text_orientation=\u00bbcenter\u00bb background_layout=\u00bbdark\u00bb max_width=\u00bb700px\u00bb module_alignment=\u00bbcenter\u00bb header_2_font_size_tablet=\u00bb40px\u00bb header_2_font_size_phone=\u00bb30px\u00bb header_2_font_size_last_edited=\u00bbon|phone\u00bb locked=\u00bboff\u00bb global_colors_info=\u00bb{}\u00bb header_3_font_size__hover=\u00bb22px\u00bb header_3_font_size__hover_enabled=\u00bb22px\u00bb header_3_letter_spacing__hover=\u00bb0px\u00bb header_3_letter_spacing__hover_enabled=\u00bb0px\u00bb header_3_line_height__hover=\u00bb1em\u00bb header_3_line_height__hover_enabled=\u00bb1em\u00bb header_3_text_shadow_style__hover=\u00bbnone\u00bb header_3_text_shadow_style__hover_enabled=\u00bbnone\u00bb header_3_text_shadow_color__hover=\u00bbrgba(0,0,0,0.4)\u00bb header_3_text_shadow_color__hover_enabled=\u00bbrgba(0,0,0,0.4)\u00bb header_font_size__hover=\u00bb30px\u00bb header_font_size__hover_enabled=\u00bb30px\u00bb header_letter_spacing__hover=\u00bb0px\u00bb header_letter_spacing__hover_enabled=\u00bb0px\u00bb header_text_shadow_style__hover=\u00bbnone\u00bb header_text_shadow_style__hover_enabled=\u00bbnone\u00bb header_text_shadow_color__hover=\u00bbrgba(0,0,0,0.4)\u00bb header_text_shadow_color__hover_enabled=\u00bbrgba(0,0,0,0.4)\u00bb]<\/p>\n<h2>Caf\u00e9 y restaurante Mamora Bay<\/h2>\n<div class=\"elementor-element elementor-element-9eaf6db elementor-widget elementor-widget-text-editor\" data-id=\"9eaf6db\" data-element_type=\"widget\" data-widget_type=\"text-editor.default\">\n<div class=\"elementor-widget-container\">\n<p>En el Mamora Bay Hotel no s\u00f3lo disfrutar\u00e1 de su ubicaci\u00f3n. Tambi\u00e9n tendr\u00e1s la oportunidad de probar y descubrir la cultura culinaria marroqu\u00ed. Tajines tradicionales, t\u00e9 marroqu\u00ed (Atay Sahraoui)\u2026 y mucho m\u00e1s.<\/p>\n<\/div>\n<\/div>\n<p>[\/et_pb_text][et_pb_button button_url=\u00bbhttps:\/\/www.simplebooking.it\/ibe2\/hotel\/9902?lang=ES&#038;cur=MAD\u00bb button_text=\u00bbReserva\u00bb button_alignment=\u00bbcenter\u00bb _builder_version=\u00bb4.25.1&#8243; custom_button=\u00bbon\u00bb button_text_size=\u00bb16px\u00bb button_text_color=\u00bb#ea4920&#8243; button_bg_color=\u00bb#ffffff\u00bb button_bg_color_gradient_direction=\u00bb190deg\u00bb button_bg_color_gradient_stops=\u00bbrgba(255,255,255,0) 0%|rgba(255,255,255,0.28) 100%\u00bb button_bg_color_gradient_start=\u00bbrgba(255,255,255,0)\u00bb button_bg_color_gradient_end=\u00bbrgba(255,255,255,0.28)\u00bb button_border_width=\u00bb0px\u00bb button_border_radius=\u00bb0px\u00bb button_font=\u00bbOpen Sans|600|||||||\u00bb button_use_icon=\u00bboff\u00bb custom_margin=\u00bb|||||false\u00bb custom_padding=\u00bb18px|40px|18px|40px|true|true\u00bb box_shadow_style=\u00bbpreset3&#8243; box_shadow_vertical=\u00bb20px\u00bb box_shadow_blur=\u00bb60px\u00bb box_shadow_spread=\u00bb-15px\u00bb box_shadow_color=\u00bbrgba(0,31,99,0.38)\u00bb locked=\u00bboff\u00bb global_colors_info=\u00bb{}\u00bb button_bg_color__hover=\u00bb#2692ff\u00bb button_text_color__hover=\u00bb#0f87ff\u00bb][\/et_pb_button][\/et_pb_column][\/et_pb_row][\/et_pb_section]<\/p>\n","protected":false},"excerpt":{"rendered":"<p>\u00a0 MAMORA BAY RestauranteMen\u00fa tradicionalTajine Carne140 DHS Tajine Carne picada100 DHS Tajine pollo120 DHS Tajine de veneno 150 DHS Tajine pastilla\u00a0120 DHS Couscous pollo110 DHS Couscous 2 personas200 DHS Couscous Carne130 DHSCaf\u00e9 y restaurante Mamora Bay En el Mamora Bay Hotel no s\u00f3lo disfrutar\u00e1 de su ubicaci\u00f3n. Tambi\u00e9n tendr\u00e1s la oportunidad de probar y descubrir la cultura culinaria marroqu\u00ed. Tajines tradicionales, t\u00e9 marroqu\u00ed (Atay Sahraoui)\u2026 y mucho m\u00e1s.<\/p>\n","protected":false},"author":1,"featured_media":0,"parent":0,"menu_order":0,"comment_status":"closed","ping_status":"closed","template":"","meta":{"_et_pb_use_builder":"on","_et_pb_old_content":"","_et_gb_content_width":"","footnotes":""},"class_list":["post-219869","page","type-page","status-publish","hentry"],"_links":{"self":[{"href":"https:\/\/mamorabay.ma\/es\/wp-json\/wp\/v2\/pages\/219869","targetHints":{"allow":["GET"]}}],"collection":[{"href":"https:\/\/mamorabay.ma\/es\/wp-json\/wp\/v2\/pages"}],"about":[{"href":"https:\/\/mamorabay.ma\/es\/wp-json\/wp\/v2\/types\/page"}],"author":[{"embeddable":true,"href":"https:\/\/mamorabay.ma\/es\/wp-json\/wp\/v2\/users\/1"}],"replies":[{"embeddable":true,"href":"https:\/\/mamorabay.ma\/es\/wp-json\/wp\/v2\/comments?post=219869"}],"version-history":[{"count":4,"href":"https:\/\/mamorabay.ma\/es\/wp-json\/wp\/v2\/pages\/219869\/revisions"}],"predecessor-version":[{"id":220226,"href":"https:\/\/mamorabay.ma\/es\/wp-json\/wp\/v2\/pages\/219869\/revisions\/220226"}],"wp:attachment":[{"href":"https:\/\/mamorabay.ma\/es\/wp-json\/wp\/v2\/media?parent=219869"}],"curies":[{"name":"wp","href":"https:\/\/api.w.org\/{rel}","templated":true}]}}